{"id":196,"date":"2023-01-12T21:07:08","date_gmt":"2023-01-12T20:07:08","guid":{"rendered":"https:\/\/specialgifs.com\/?page_id=196"},"modified":"2023-01-12T21:07:12","modified_gmt":"2023-01-12T20:07:12","slug":"ogolne-warunki-swiadczenia-uslug","status":"publish","type":"page","link":"https:\/\/specialgifs.com\/en\/ogolne-warunki-swiadczenia-uslug\/","title":{"rendered":"General terms of service"},"content":{"rendered":"<p>1. Og\u00f3lne warunki \u015bwiadczenia us\u0142ug maj\u0105 zastosowanie do us\u0142ug realizowanych przez Special Space, z zastrze\u017ceniem wy\u0142\u0105czenia, \u017ce Special Space wraz z Klientem postanowi\u0105 inaczej przez zawarcie pisemnej umowy.<\/p><p>2. \u015awiadczeniodawc\u0105 na podstawie niniejszych warunk\u00f3w jest Special Space Sp\u00f3\u0142ka z ograniczon\u0105 odpowiedzialno\u015bci\u0105 z siedzib\u0105 w Bydgoszczy (85 \u2013 703) przy ul. Kijowskiej 44, wpisan\u0105 do rejestru przedsi\u0119biorc\u00f3w Krajowego Rejestru S\u0105dowego prowadzonego przez S\u0105d Rejonowy w Bydgoszczy Wydzia\u0142 XIII KRS pod numerem: 0000703732, pos\u0142uguj\u0105c\u0105 si\u0119 numerem NIP: 5542957257, numerem REGON: 368736612, dysponuj\u0105c\u0105 kapita\u0142em zak\u0142adowym w wysoko\u015bci: 50.000,00z\u0142 (dalej: Special Space).<\/p><p>3. Special Space \u015bwiadczy us\u0142ugi z najwy\u017csz\u0105 staranno\u015bci\u0105 przyj\u0119t\u0105 przy realizacji w szczeg\u00f3lno\u015bci stron WWW, sklep\u00f3w online, platform internetowych, identyfikacji wizualnej, copywriting\u2019u, rzetelnie i terminowo.<\/p><p>4. Special Space \u015bwiadczy us\u0142ugi o charakterze projektowym, graficznym, programistycznym reklamowym itp.<\/p><p>5. Ka\u017cdorazowo szczeg\u00f3\u0142owy zakres prac i us\u0142ug oraz harmonogram prac Special jest okre\u015blany w odr\u0119bnym dokumencie, tj. formularza zam\u00f3wienia lub umowie.<\/p><p>6. Realizacja ca\u0142o\u015bci Us\u0142ug Special Space na rzecz Klienta nast\u0105pi najp\u00f3\u017aniej w terminie wskazanym przez Special Space, chyba \u017ce op\u00f3\u017anienie b\u0119dzie wynika\u0107 z przyczyn le\u017c\u0105cych po stronie Zamawiaj\u0105cego lub z innych przyczyn nie dotycz\u0105cych Special Space.<\/p><p>7. Special Space odpowiada za legalno\u015b\u0107 oraz bezpiecze\u0144stwo u\u017cytkowania wszystkich dostarczonych element\u00f3w sk\u0142adaj\u0105cych si\u0119 na przedmiot zam\u00f3wienia, z wy\u0142\u0105czeniem element\u00f3w, kt\u00f3re b\u0119d\u0105 dostarczane przez<br>Zamawiaj\u0105cego.<\/p><p>8. Warunkiem realizacji przedmiotu zam\u00f3wienia przez Special Space jest zapewnienie przez Klienta nale\u017cytej wsp\u00f3\u0142pracy z Special Space w wykonywaniu przyj\u0119tych przez niego obowi\u0105zk\u00f3w, w szczeg\u00f3lno\u015bci poprzez<br>udost\u0119pnianie Special Space niezb\u0119dnych danych, informacji, materia\u0142\u00f3w koniecznych do wywi\u0105zania si\u0119 przez Special Space z jego zobowi\u0105za\u0144.<\/p><p>9. Warunkiem przyst\u0105pienia do realizacji i wdra\u017cania projekt\u00f3w i materia\u0142\u00f3w jest uprzednie pisemne (w tym w formie e-mail) zaakceptowanie przez Klienta formy, tre\u015bci jak i harmonogramu wykonania.<\/p><p>10. Special Space \u015bwiadczy us\u0142ugi na rzecz Klient\u00f3w samodzielnie lub za po\u015brednictwem podwykonawc\u00f3w.<\/p><p>11. Klient uprawniony jest do wskazywania zmian i poprawek w zatwierdzonych projektach reklamowych, w tym projektach graficznych i stron internetowych, w trakcie ich realizacji pod warunkiem pokrycia wszelkich wynik\u0142ych z tego tytu\u0142u koszt\u00f3w i wyra\u017cenia zgody na zmian\u0119 harmonogramu, o ile taka zmiana b\u0119dzie konieczna.<\/p><p>12. W przypadku zlecenia przez Klienta prac obejmuj\u0105cych etapy projektowe oraz realizacyjne, w tym stron internetowych, Special Space przedstawi zgodnie z harmonogramem projekt graficzny, pod warunkiem uprzedniego udost\u0119pnienia przez Klienta wszelkich materia\u0142\u00f3w istotnych dla rozpocz\u0119cia prac nad przedmiotem zam\u00f3wienia. Materia\u0142y te zostan\u0105 przekazane w formie elektronicznej, lub innej uzgodnionej przez Strony, na adres: bok@specialspace.pl lub inny wskazany przez przedstawiciela firmy Special Space adres e-mail. W tej samej formie Klienta przedstawi swoje uwagi oraz wska\u017ce elementy, kt\u00f3re w jego ocenie wymagaj\u0105 zmiany lub zaakceptuje przedstawiony projekt. Konsekwencj\u0105 braku reakcji w terminie 3 dni roboczych b\u0119dzie uznanie przez Special Space, i\u017c Klient nie wnosi zastrze\u017ce\u0144 i akceptuje przedstawiony projekt graficzny.<\/p><p>13. Special Space zastrzega prawo do jednostronnego modyfikowania zakresu, specyfikacji, wizualizacji \u015bwiadczonych Us\u0142ug, w tym r\u00f3wnie\u017c zaakceptowanych uprzednio przez Klienta, w celu ich optymalizacji, w ka\u017cdym czasie, co nie zwalnia Klienta z obowi\u0105zku zap\u0142aty wynagrodzenia.<\/p><p>14. Wszelkie czynno\u015bci Special Space realizuje w dni powszednie w godzinach 9:00 \u2013 17:00, za\u015b ewentualne prace wykonywane na wyra\u017ane \u017cyczenie Klienta mog\u0105 odbywa\u0107 si\u0119 poza wskazanym czasem, z zastrze\u017ceniem konieczno\u015bci uprzedniego ustalenia zasad wynagradzania.<\/p><p>15. Special Space \u015bwiadczy us\u0142ugi odp\u0142atnie. Kwota nale\u017cna za ich realizacj\u0119 jest ustalana ka\u017cdorazowo na etapie uzgadniania zlecenia i b\u0119dzie powi\u0119kszana o nale\u017cny podatek od towar\u00f3w i us\u0142ug.<\/p><p>16. Special Space nie ingeruje w tre\u015bci umieszczone na witrynie internetowej, chyba \u017ce ingerencja jest przedmiotem zam\u00f3wienia<\/p><p>17. Wszelkie prace, kt\u00f3re b\u0119d\u0105 realizowane poza zleceniami b\u0119d\u0105 rozliczane wed\u0142ug rzeczywistego czasu pracy Special Space nad dan\u0105 czynno\u015bci\u0105. Jedna godzina pracy to kwota 200 z\u0142. (s\u0142ownie: dwie\u015bcie z\u0142otych), do kt\u00f3rej nale\u017cy doda\u0107 podatek od towar\u00f3w i us\u0142ug w przewidzianej wysoko\u015bci. Faktura VAT wystawiona z tego tytu\u0142u b\u0119dzie p\u0142atna w terminie 7 dni. Strony mog\u0105 indywidualnie ustali\u0107, przed realizacj\u0105 danej czynno\u015bci inn\u0105 stawk\u0119.<\/p><p>18. Kwoty za realizacj\u0119 us\u0142ug realizowanych w ramach zlecenia b\u0119d\u0105 dzielone zgodnie z harmonogramem p\u0142atno\u015bci ustalonym ka\u017cdorazowo w danym Zleceniu.<\/p><p>19. Poszczeg\u00f3lne kwoty b\u0119d\u0105 p\u0142atne z g\u00f3ry w terminie 7 dni od daty wystawienia przez Special Space faktury VAT, z zastrze\u017ceniem, i\u017c zap\u0142ata jest warunkiem przyst\u0105pienia do danego etapu pracy. W zleceniu Strony mog\u0105 przyj\u0105\u0107 odmienn\u0105 zasad\u0119 realizacji p\u0142atno\u015bci<\/p><p>20. Zaakceptowany przez Klienta kosztorys upowa\u017cnia Special Space do rozpocz\u0119cia prac, zakupu koniecznych element\u00f3w, a tak\u017ce w przypadku wyst\u0105pienia potrzeby zaanga\u017cowania modeli oraz innych os\u00f3b, to r\u00f3wnie\u017c do zawarcia z nimi stosownych um\u00f3w w celu wykonania zaakceptowanego zakresu prac.<\/p><p>21. Transakcje realizowane mi\u0119dzy Stronami, stosownie do decyzji Special Space, mog\u0105 by\u0107 ubezpieczone lub b\u0119d\u0105 podlega\u0142y factoringowi \u2013 do odwo\u0142ania, na co Klient wyra\u017ca zgod\u0119.<\/p><p>22. W przypadku uchybienia przez Klienta terminowi p\u0142atno\u015bci wynikaj\u0105cemu z faktury VAT, Special Space jest uprawniony do obci\u0105\u017cenia Zamawiaj\u0105cego odsetkami ustawowymi z tytu\u0142u op\u00f3\u017anienia za czas od dnia wymagalno\u015bci danej faktury VAT do dnia zap\u0142aty i kosztami dochodzeni roszcze\u0144 w wysoko\u015bci.40 EUR za ka\u017cd\u0105 faktur\u0119, w przeliczeniu na z\u0142ote polskie wed\u0142ug \u015bredniego kursu euro og\u0142oszonego przez Narodowy Bank Polski ostatniego dnia roboczego miesi\u0105ca poprzedzaj\u0105cego miesi\u0105c, w kt\u00f3rym \u015bwiadczenie pieni\u0119\u017cne sta\u0142o si\u0119 wymagalne. Podstawa prawna art. 10, ust. 1 Ustawy z dnia 08.03.2013r o terminach zap\u0142aty w transakcjach handlowych.<\/p><p>23. Wynagrodzenie nale\u017cne Special Space zostanie powi\u0119kszone o koszty niezb\u0119dne dla prawid\u0142owej realizacji przedmiotu zam\u00f3wienia. Je\u017celi dla jego wykonania konieczne b\u0119dzie nabycie element\u00f3w od Podmiot\u00f3w trzecich, to Special Space uprawniony jest do takiego zakupu, z zastrze\u017ceniem p\u00f3\u017aniejszego obci\u0105\u017cenia takim kosztem Zamawiaj\u0105cego.<\/p><p>24. Special Space zastrzega sobie prawo do zawieszenia \u015bwiadczenia us\u0142ug w przypadku nieop\u0142acenia us\u0142ug w terminie okre\u015blonym na fakturze.<\/p><p>25. Przeniesienie praw autorskich wymaga odr\u0119bnych ustale\u0144 mi\u0119dzy Special Space a Klientem.<\/p><p>26. Special Space zobowi\u0105zuje si\u0119 do zachowania poufno\u015bci co do wszelkich informacji uzyskanych od Zamawiaj\u0105cego w zwi\u0105zku z realizacj\u0105 przedmiotu zam\u00f3wienia.<\/p><p>27. Administratorem danych osobowych Klienta, jego przedstawicieli, pracownik\u00f3w lub wsp\u00f3\u0142pracownik\u00f3w przetwarzanych w zwi\u0105zku z realizacj\u0105 us\u0142ug jest Special Space.<\/p><p>28. Klient niniejszym upowa\u017cnia Special Space do wykorzystania przekazanych materia\u0142\u00f3w oraz praw na dobrach niematerialnych przys\u0142uguj\u0105cych Klientowi, na cele stworzenia przez Special Space materia\u0142\u00f3w reklamowych i promocyjnych, obj\u0119tych zam\u00f3wieniem.<\/p><p>29. Klient udziela Special Space na okres wsp\u00f3\u0142pracy, niewy\u0142\u0105cznej licencji na korzystanie z dostarczonych lub udost\u0119pnionych Special Space materia\u0142\u00f3w, znak\u00f3w towarowych lub graficznych, slogan\u00f3w, zapewnie\u0144 lub o\u015bwiadcze\u0144 w celu realizacji przedmiotu zam\u00f3wienia.<\/p><p>30. Klient udost\u0119pni Special Space informacje techniczne dotycz\u0105ce jego witryny internetowej oraz do niej dost\u0119p.<\/p><p>31. Klient nie jest upowa\u017cniony do udost\u0119pniania osobom trzecim login\u00f3w i\/lub hase\u0142, adres\u00f3w dost\u0119powych do CMS udost\u0119pnionych przez Special Space.<\/p><p>32. W przypadku, gdy Klient zleci dzia\u0142anie, co do kt\u00f3rego Special Space ma zastrze\u017cenia w zakresie dopuszczalno\u015bci dzia\u0142ania oraz mo\u017cliwo\u015bci naruszenia praw os\u00f3b trzecich, Special Space powiadomi o tym fakcie Klienta, za\u015b warunkiem dalszej realizacji zam\u00f3wienia jest potwierdzenie przez Klienta uprzednio wydanego zlecenia.<\/p><p>33. Special Space mo\u017ce zawiesi\u0107 realizacj\u0119 przedmiotu zam\u00f3wienia lub w og\u00f3le zaprzesta\u0107 w przypadku, gdy Klient narusza postanowienia Warunk\u00f3w.<\/p><p>34. Special Space mo\u017ce w ka\u017cdym czasie i bez podania powodu zako\u0144czy\u0107 wsp\u00f3\u0142prac\u0119 z Klientem, w takim przypadku Special Space rozliczy si\u0119 z Klientem, zwracaj\u0105c niewykorzystan\u0105 cz\u0119\u015b\u0107 Wynagrodzenia.<\/p><p>35. Special Space w celu autopromocji ma prawo do powo\u0142ywania si\u0119 na projekty stworzone dla Klienta, w tym w szczeg\u00f3lno\u015bci do powo\u0142ywania si\u0119 na te projekty we w\u0142asnych materia\u0142ach reklamowych.<\/p><p>36. Klient pokryje wszelkie wydatki i naprawi szkody poniesione przez Special Space w zwi\u0105zku z roszczeniami os\u00f3b trzecich, a dotycz\u0105cymi realizacji przedmiotu zam\u00f3wienia w zakresie, w jakim szkoda Special Space dotyczy bezpo\u015brednio lub po\u015brednio dzia\u0142ania lub zaniechania Klienta oraz os\u00f3b dzia\u0142aj\u0105cych w jego imieniu. Powy\u017csze dotyczy w szczeg\u00f3lno\u015bci sytuacji naruszenia przez Klienta prawa do znaku towarowego, firmy, logotyp\u00f3w, praw autorskich, d\u00f3br osobistych lub innych.<\/p><p>37. Special Space nie ponosi odpowiedzialno\u015bci za stan przedsi\u0119biorstwa Klienta.<\/p><p>38. Special Space zastrzega prawo do obci\u0105\u017cenia Klienta kosztami dochodzenia nale\u017cno\u015bci, w tym kosztami dzia\u0142a\u0144 windykacyjnych..<\/p><p>39. Special Space mo\u017ce dokona\u0107 przelewu wierzytelno\u015bci wynikaj\u0105cych z realizacji przedmiotu zam\u00f3wienia na rzecz os\u00f3b trzecich, bez pisemnej zgody Klienta.<\/p><p>40. Klient wska\u017ce przedstawiciela upowa\u017cnionego do jego reprezentowania w sprawach dotycz\u0105cych przedmiotu zam\u00f3wienia, dokonywania wszelkich uzgodnie\u0144, jakie oka\u017c\u0105 si\u0119 niezb\u0119dne przy wykonywaniu przedmiotu zam\u00f3wienia. Zmiana przedstawiciela wymaga pisemnego powiadomienia drugiej strony.<\/p><p>41. W kwestiach nieuregulowanych Warunkami zastosowanie maj\u0105 przepisy Kodeksu cywilnego oraz ustawy o prawie autorskim i prawach pokrewnych.<\/p><p>42. Wszelkie spory powsta\u0142e w wyniku wykonywania b\u0105d\u017a interpretowania niniejszych Warunk\u00f3w b\u0119d\u0105 rozwi\u0105zywane w drodze negocjacji, a w razie nie osi\u0105gni\u0119cia porozumienia, przez S\u0105d w\u0142a\u015bciwy ustalony na zasadach og\u00f3lnych Kodeksu post\u0119powania cywilnego.<\/p>","protected":false},"excerpt":{"rendered":"<p>1. Og\u00f3lne warunki \u015bwiadczenia us\u0142ug maj\u0105 zastosowanie do us\u0142ug realizowanych przez Special Space, z zastrze\u017ceniem wy\u0142\u0105czenia, \u017ce Special Space wraz . . .<\/p>","protected":false},"author":1,"featured_media":0,"parent":0,"menu_order":0,"comment_status":"closed","ping_status":"closed","template":"","meta":{"_acf_changed":false,"inline_featured_image":false,"footnotes":""},"class_list":["post-196","page","type-page","status-publish","hentry"],"acf":[],"yoast_head":"<!-- This site is optimized with the Yoast SEO plugin v23.6 - https:\/\/yoast.com\/wordpress\/plugins\/seo\/ -->\n<title>Og\u00f3lne warunki \u015bwiadczenia us\u0142ug &#8226; Special Gifs<\/title>\n<meta name=\"robots\" content=\"index, follow, max-snippet:-1, max-image-preview:large, max-video-preview:-1\" \/>\n<link rel=\"canonical\" href=\"https:\/\/specialgifs.com\/en\/ogolne-warunki-swiadczenia-uslug\/\" \/>\n<meta property=\"og:locale\" content=\"en_GB\" \/>\n<meta property=\"og:type\" content=\"article\" \/>\n<meta property=\"og:title\" content=\"Og\u00f3lne warunki \u015bwiadczenia us\u0142ug &#8226; Special Gifs\" \/>\n<meta property=\"og:description\" content=\"1. Og\u00f3lne warunki \u015bwiadczenia us\u0142ug maj\u0105 zastosowanie do us\u0142ug realizowanych przez Special Space, z zastrze\u017ceniem wy\u0142\u0105czenia, \u017ce Special Space wraz . . .\" \/>\n<meta property=\"og:url\" content=\"https:\/\/specialgifs.com\/en\/ogolne-warunki-swiadczenia-uslug\/\" \/>\n<meta property=\"og:site_name\" content=\"Special Gifs\" \/>\n<meta property=\"article:modified_time\" content=\"2023-01-12T20:07:12+00:00\" \/>\n<meta name=\"twitter:card\" content=\"summary_large_image\" \/>\n<meta name=\"twitter:label1\" content=\"Estimated reading time\" \/>\n\t<meta name=\"twitter:data1\" content=\"9 minutes\" \/>\n<script type=\"application\/ld+json\" class=\"yoast-schema-graph\">{\"@context\":\"https:\/\/schema.org\",\"@graph\":[{\"@type\":\"WebPage\",\"@id\":\"https:\/\/specialgifs.com\/ogolne-warunki-swiadczenia-uslug\/\",\"url\":\"https:\/\/specialgifs.com\/ogolne-warunki-swiadczenia-uslug\/\",\"name\":\"Og\u00f3lne warunki \u015bwiadczenia us\u0142ug &#8226; Special Gifs\",\"isPartOf\":{\"@id\":\"https:\/\/specialgifs.com\/#website\"},\"datePublished\":\"2023-01-12T20:07:08+00:00\",\"dateModified\":\"2023-01-12T20:07:12+00:00\",\"breadcrumb\":{\"@id\":\"https:\/\/specialgifs.com\/ogolne-warunki-swiadczenia-uslug\/#breadcrumb\"},\"inLanguage\":\"en-GB\",\"potentialAction\":[{\"@type\":\"ReadAction\",\"target\":[\"https:\/\/specialgifs.com\/ogolne-warunki-swiadczenia-uslug\/\"]}]},{\"@type\":\"BreadcrumbList\",\"@id\":\"https:\/\/specialgifs.com\/ogolne-warunki-swiadczenia-uslug\/#breadcrumb\",\"itemListElement\":[{\"@type\":\"ListItem\",\"position\":1,\"name\":\"START\",\"item\":\"https:\/\/specialgifs.com\/\"},{\"@type\":\"ListItem\",\"position\":2,\"name\":\"Og\u00f3lne warunki \u015bwiadczenia us\u0142ug\"}]},{\"@type\":\"WebSite\",\"@id\":\"https:\/\/specialgifs.com\/#website\",\"url\":\"https:\/\/specialgifs.com\/\",\"name\":\"Special Gifs\",\"description\":\"\",\"publisher\":{\"@id\":\"https:\/\/specialgifs.com\/#organization\"},\"potentialAction\":[{\"@type\":\"SearchAction\",\"target\":{\"@type\":\"EntryPoint\",\"urlTemplate\":\"https:\/\/specialgifs.com\/?s={search_term_string}\"},\"query-input\":{\"@type\":\"PropertyValueSpecification\",\"valueRequired\":true,\"valueName\":\"search_term_string\"}}],\"inLanguage\":\"en-GB\"},{\"@type\":\"Organization\",\"@id\":\"https:\/\/specialgifs.com\/#organization\",\"name\":\"Special Gifs\",\"url\":\"https:\/\/specialgifs.com\/\",\"logo\":{\"@type\":\"ImageObject\",\"inLanguage\":\"en-GB\",\"@id\":\"https:\/\/specialgifs.com\/#\/schema\/logo\/image\/\",\"url\":\"https:\/\/specialgifs.com\/wp-content\/uploads\/2023\/10\/czarny-special-gifs-logo.svg\",\"contentUrl\":\"https:\/\/specialgifs.com\/wp-content\/uploads\/2023\/10\/czarny-special-gifs-logo.svg\",\"width\":140,\"height\":25,\"caption\":\"Special Gifs\"},\"image\":{\"@id\":\"https:\/\/specialgifs.com\/#\/schema\/logo\/image\/\"}}]}<\/script>\n<!-- \/ Yoast SEO plugin. -->","yoast_head_json":{"title":"Og\u00f3lne warunki \u015bwiadczenia us\u0142ug &#8226; Special Gifs","robots":{"index":"index","follow":"follow","max-snippet":"max-snippet:-1","max-image-preview":"max-image-preview:large","max-video-preview":"max-video-preview:-1"},"canonical":"https:\/\/specialgifs.com\/en\/ogolne-warunki-swiadczenia-uslug\/","og_locale":"en_GB","og_type":"article","og_title":"Og\u00f3lne warunki \u015bwiadczenia us\u0142ug &#8226; Special Gifs","og_description":"1. Og\u00f3lne warunki \u015bwiadczenia us\u0142ug maj\u0105 zastosowanie do us\u0142ug realizowanych przez Special Space, z zastrze\u017ceniem wy\u0142\u0105czenia, \u017ce Special Space wraz . . .","og_url":"https:\/\/specialgifs.com\/en\/ogolne-warunki-swiadczenia-uslug\/","og_site_name":"Special Gifs","article_modified_time":"2023-01-12T20:07:12+00:00","twitter_card":"summary_large_image","twitter_misc":{"Estimated reading time":"9 minutes"},"schema":{"@context":"https:\/\/schema.org","@graph":[{"@type":"WebPage","@id":"https:\/\/specialgifs.com\/ogolne-warunki-swiadczenia-uslug\/","url":"https:\/\/specialgifs.com\/ogolne-warunki-swiadczenia-uslug\/","name":"Og\u00f3lne warunki \u015bwiadczenia us\u0142ug &#8226; Special Gifs","isPartOf":{"@id":"https:\/\/specialgifs.com\/#website"},"datePublished":"2023-01-12T20:07:08+00:00","dateModified":"2023-01-12T20:07:12+00:00","breadcrumb":{"@id":"https:\/\/specialgifs.com\/ogolne-warunki-swiadczenia-uslug\/#breadcrumb"},"inLanguage":"en-GB","potentialAction":[{"@type":"ReadAction","target":["https:\/\/specialgifs.com\/ogolne-warunki-swiadczenia-uslug\/"]}]},{"@type":"BreadcrumbList","@id":"https:\/\/specialgifs.com\/ogolne-warunki-swiadczenia-uslug\/#breadcrumb","itemListElement":[{"@type":"ListItem","position":1,"name":"START","item":"https:\/\/specialgifs.com\/"},{"@type":"ListItem","position":2,"name":"Og\u00f3lne warunki \u015bwiadczenia us\u0142ug"}]},{"@type":"WebSite","@id":"https:\/\/specialgifs.com\/#website","url":"https:\/\/specialgifs.com\/","name":"Special Gifs","description":"","publisher":{"@id":"https:\/\/specialgifs.com\/#organization"},"potentialAction":[{"@type":"SearchAction","target":{"@type":"EntryPoint","urlTemplate":"https:\/\/specialgifs.com\/?s={search_term_string}"},"query-input":{"@type":"PropertyValueSpecification","valueRequired":true,"valueName":"search_term_string"}}],"inLanguage":"en-GB"},{"@type":"Organization","@id":"https:\/\/specialgifs.com\/#organization","name":"Special Gifs","url":"https:\/\/specialgifs.com\/","logo":{"@type":"ImageObject","inLanguage":"en-GB","@id":"https:\/\/specialgifs.com\/#\/schema\/logo\/image\/","url":"https:\/\/specialgifs.com\/wp-content\/uploads\/2023\/10\/czarny-special-gifs-logo.svg","contentUrl":"https:\/\/specialgifs.com\/wp-content\/uploads\/2023\/10\/czarny-special-gifs-logo.svg","width":140,"height":25,"caption":"Special Gifs"},"image":{"@id":"https:\/\/specialgifs.com\/#\/schema\/logo\/image\/"}}]}},"_links":{"self":[{"href":"https:\/\/specialgifs.com\/en\/wp-json\/wp\/v2\/pages\/196","targetHints":{"allow":["GET"]}}],"collection":[{"href":"https:\/\/specialgifs.com\/en\/wp-json\/wp\/v2\/pages"}],"about":[{"href":"https:\/\/specialgifs.com\/en\/wp-json\/wp\/v2\/types\/page"}],"author":[{"embeddable":true,"href":"https:\/\/specialgifs.com\/en\/wp-json\/wp\/v2\/users\/1"}],"replies":[{"embeddable":true,"href":"https:\/\/specialgifs.com\/en\/wp-json\/wp\/v2\/comments?post=196"}],"version-history":[{"count":0,"href":"https:\/\/specialgifs.com\/en\/wp-json\/wp\/v2\/pages\/196\/revisions"}],"wp:attachment":[{"href":"https:\/\/specialgifs.com\/en\/wp-json\/wp\/v2\/media?parent=196"}],"curies":[{"name":"wp","href":"https:\/\/api.w.org\/{rel}","templated":true}]}}