{"id":3,"date":"2023-01-03T12:28:35","date_gmt":"2023-01-03T11:28:35","guid":{"rendered":"https:\/\/specialgifs.com\/?page_id=3"},"modified":"2023-01-12T20:59:57","modified_gmt":"2023-01-12T19:59:57","slug":"polityka-prywatnosci","status":"publish","type":"page","link":"https:\/\/specialgifs.com\/en\/polityka-prywatnosci\/","title":{"rendered":"Polityka prywatno\u015bci"},"content":{"rendered":"<p><strong>S\u0142owo wst\u0119pu<\/strong><\/p><p>Szanuj\u0105c prawo do prywatno\u015bci i ochrony danych osobowych naszych klient\u00f3w i kontrahent\u00f3w, kt\u00f3rzy powierzaj\u0105 nam swoje dane osobowe i informacje niezb\u0119dne do wykonania strony www, portalu, sklepu itp. informujemy \u017ce Pa\u0144stwa dane osobowe s\u0105 przetwarzane zgodnie Rozporz\u0105dzeniem Parlamentu Europejskiego i Rady (UE) 2016\/679 z dnia 27 kwietnia 2016 r. w sprawie ochrony os\u00f3b fizycznych w zwi\u0105zku z przetwarzaniem danych osobowych i w sprawie swobodnego przep\u0142ywu takich danych oraz uchylenia dyrektywy 95\/46\/WE (RODO \/ GDPR) oraz ustawy o ochroni danych osobowych z dnia 10 maja 2018r. (Dz. U. z 2018 poz. 1000)<\/p><p>Dbaj\u0105c o ochron\u0119 Pa\u0144stwa danych osobowych dok\u0142adamy szczeg\u00f3lnej staranno\u015bci w celu ochrony Waszych interes\u00f3w oraz praw i wolno\u015bci, w szczeg\u00f3lno\u015bci zapewniamy, \u017ce zbierane przez nas dane s\u0105:<\/p><p>Zbierane dla konkretnych, okre\u015blonych, zgodnych z prawem cel\u00f3w i niepoddawane dalszemu przetwarzaniu niezgodnemu z tymi celami.<br>Przetwarzane zgodnie z prawem.<\/p><p><br><strong>Administrator danych<\/strong><\/p><p>Administratorem danych osobowych pozyskanych za po\u015brednictwem strony&nbsp;<a href=\"https:\/\/specialspace.pl\/\" target=\"_blank\" rel=\"noreferrer noopener\">www.specialspace.pl<\/a>&nbsp;jest Special Space Sp. z o.o. ul. Kijowska 44, 85 \u2013 007 Bydgoszcz zarejestrowana w S\u0105dzie Rejonowym w Bydgoszczy, XIII Wydzia\u0142 Gospodarczy pod nr KRS: 0000703732, NIP: 5542957257, REGON: 368736612. Kontakt z administratorem mo\u017cliwy pod adresem e-mail:&nbsp;<a href=\"mailto:bok@specialspace.pl\">bok@specialspace.pl<\/a><\/p><p><strong>Inspektor ochrony danych<\/strong><\/p><p>W trosce o ochron\u0119 danych osobowych i zapewnienie ci\u0105g\u0142o\u015bci bezpiecze\u0144stwa poprzez zarz\u0105dzanie ryzykiem powo\u0142ali\u015bmy Inspektora Ochrony Danych. Kontakt z Inspektorem: hanna@bezpieczenstwowfirmie.pl<\/p><p>Do Inspektora Ochrony Danych nale\u017cy kierowa\u0107 tylko sprawy zwi\u0105zane z przetwarzaniem Pa\u0144stwa danych przez Special Space Sp. z o.o. w tym sprawy dotycz\u0105ce realizacji praw os\u00f3b, kt\u00f3rych dane dotycz\u0105 w zakresie dost\u0119pu do swoich danych, ich sprostowania, ograniczenia przetwarzania, czy sprzeciwu na ich przetwarzanie. Na realizacj\u0119 praw os\u00f3b, kt\u00f3rych dane dotycz\u0105 mamy 30 dni.<\/p><p><br><strong>Cel i podstawa przetwarzania danych<\/strong><\/p><p>Cel 1: Udzielenie odpowiedzi na zapytania o produkt kierowane za pomoc\u0105 formularz \u201ebrief\u201d, adresu e-mail.<\/p><p>Podstaw\u0105 prawn\u0105 takiego przetwarzania jest: podj\u0119cie dzia\u0142a\u0144 na \u017c\u0105danie osoby, kt\u00f3rej dane dotycz\u0105 przed zawarciem umowy (RODO art. 6 ust 1 lit. B), zgodnie z zasad\u0105 \u017ce przetwarzanie danych osobowych jest zgodne z prawem je\u017celi jest niezb\u0119dne w celu realizacji umowy b\u0105d\u017a przed jej zawarciem.<\/p><p>Cel 2: Realizacja zam\u00f3wionej us\u0142ugi.<\/p><p>Podstaw\u0105 prawn\u0105 takiego przetwarzania jest: osoba, kt\u00f3rej dane dotycz\u0105 jest stron\u0105 umowy (art. 6 ust 1 lit B).<\/p><p>Cel 3: Dokumentowanie transakcji handlowych oraz wystawienia faktury VAT.<\/p><p>Podstaw\u0105 prawn\u0105 takiego przetwarzania jest wype\u0142nienie obowi\u0105zku prawnego ci\u0105\u017c\u0105cego na administratorze.<\/p><p>Cel 4: Ustalenie, obrona i dochodzenie ewentualnych roszcze\u0144<\/p><p>Podstaw\u0105 prawn\u0105 takiego przetwarzania jest prawnie uzasadniony interes realizowany przez administratora.<\/p><p><br><strong>Kategorie danych jakie zbieramy za po\u015brednictwem strony www.specialspace.pl<\/strong><\/p><p>W zakresie korzystania ze strony&nbsp;<a href=\"https:\/\/specialspace.pl\/\" target=\"_blank\" rel=\"noreferrer noopener\">www.specialspace.pl<\/a>&nbsp;przez U\u017cytkownika przechowujemy zapytania http kierowane do serwera. Przegl\u0105dane zasoby s\u0105 identyfikowane poprzez adresy URL i dotycz\u0105:<\/p><ul class=\"wp-block-list\"><li>Publicznego adresu IP urz\u0105dzenia ko\u0144cowego, z kt\u00f3rego nadesz\u0142o zapytanie;<\/li>\n\n<li>Nazwy stacji U\u017cytkownika \u2013 identyfikacja je\u015bli jest mo\u017cliwa realizowana jest przez protok\u00f3\u0142 http;<\/li>\n\n<li>Czasu nadej\u015bcia zapytania;<\/li>\n\n<li>Pierwszego wiersza \u017c\u0105dania http;<\/li>\n\n<li>Kodu odpowiedzi http;<\/li>\n\n<li>Liczby wysy\u0142anych przez serwer danych;<\/li>\n\n<li>Informacja o przegl\u0105darce;<\/li>\n\n<li>Informacje o b\u0142\u0119dach jakie wyst\u0105pi\u0142y przy realizacji transakcji http.<\/li><\/ul><p>Powy\u017csze dane nie s\u0105 kojarzone z konkretnymi osobami przegl\u0105daj\u0105cymi stron\u0119&nbsp;<a href=\"https:\/\/specialspace.pl\/\" target=\"_blank\" rel=\"noreferrer noopener\">www.specialspace.pl<\/a><\/p><p>Serwis zbiera automatycznie tylko i wy\u0142\u0105cznie informacje zawarte w plikach cookie. Gromadzone dane s\u0105 wykorzystywane do:<\/p><ul class=\"wp-block-list\"><li>Zarz\u0105dzania serwerem.<\/li>\n\n<li>Badania zagregowanego ruchu U\u017cytkownik\u00f3w w ramach strony&nbsp;<a href=\"https:\/\/specialspace.pl\/\" target=\"_blank\" rel=\"noreferrer noopener\">www.specialspace.pl<\/a>&nbsp;oraz w celach statystycznych w tym z wykorzystaniem narz\u0119dzia Google Analytics.<\/li><\/ul><p><br><strong>Kategorie danych osobowych przetwarzane w zwi\u0105zku z odpowiadaniem na zapytania, obs\u0142ug\u0105 klient\u00f3w oraz zawieraniem um\u00f3w<\/strong><\/p><ul class=\"wp-block-list\"><li>Imi\u0119 i nazwisko.<\/li>\n\n<li>Adres e-mail.<\/li>\n\n<li>Numer telefonu.<\/li>\n\n<li>Adres dostarczenia zam\u00f3wienia.<\/li>\n\n<li>Adres i nazwa firmy.<\/li>\n\n<li>NIP.<\/li><\/ul><p><br>Podanie tych danych jest dobrowolne lecz ich nie podanie skutkuje brakiem mo\u017cliwo\u015bci zakupienia towar\u00f3w od Administratora.<\/p><p><strong>Przetwarzanie danych os\u00f3b kontaktuj\u0105cych si\u0119 z nami za po\u015brednictwem portali spo\u0142eczno\u015bciowych<\/strong><\/p><p>Co do zasady Facebook.pl i Instagram.com s\u0105 administratorami danych osobowych swoich u\u017cytkownik\u00f3w i przetwarzaj\u0105 je na podstawie w\u0142asnych regulamin\u00f3w i polityk, kt\u00f3re u\u017cytkownik akceptuje przy zak\u0142adaniu konta.<\/p><p>Regulamin korzystania z Facebook.pl<br><a href=\"https:\/\/www.facebook.com\/privacy\/explanation\" target=\"_blank\" rel=\"noreferrer noopener\">https:\/\/www.facebook.com\/privacy\/explanation<\/a><\/p><p>Regulamin korzystania z Instagram.com<br><a href=\"https:\/\/help.instagram.com\/581066165581870\" target=\"_blank\" rel=\"noreferrer noopener\">https:\/\/help.instagram.com\/581066165581870<\/a><\/p><p>W sytuacji kiedy kontaktuj\u0105 si\u0119 Pa\u0144stwo z nami lub wchodz\u0105 w relacje za pomoc\u0105 Facebook.pl lub Instagram.com (tj. obserwowanie naszych post\u00f3w, pozostawienie komentarzy, polubienia lub udost\u0119pnienia post\u00f3w) to Special Space Sp. z o.o. staje si\u0119 r\u00f3wnie\u017c administratorem danych. Dane, w kt\u00f3rych posiadanie wchodzimy za po\u015brednictwem portali spo\u0142eczno\u015bciowych (imi\u0119 i nazwisko\/ nick, zdj\u0119cia, profil oraz inne informacje jak s\u0105 nam przekazywane za po\u015brednictwem wiadomo\u015bci prywatnych przez Messengera lub w komentarzach) przetwarzamy na podstawie prawnie uzasadnionego interesu administratora aby odpowiedzie\u0107 na wiadomo\u015b\u0107, komentarz pod postem oraz w celu utrzymania relacji z osobami zainteresowanymi naszymi us\u0142ugami.<\/p><p>Nie \u0142\u0105czymy danych pozyskanych za po\u015brednictwem portali spo\u0142eczno\u015bciowych z innymi danymi jakie nam Pa\u0144stwo przekazuj\u0105 innymi kana\u0142ami, chyba \u017ce wy\u015bl\u0105 nam Pa\u0144stwo prywatn\u0105 wiadomo\u015b\u0107, w kt\u00f3rej przeka\u017c\u0105 nam Pa\u0144stwo adres e-mail lub inne materia\u0142y jakie mamy wykorzysta\u0107 w zleconych nam pracach. Special Space Sp. z o.o. nie przekazuje Pa\u0144stwa danych innym podmiotom lecz mog\u0105 to robi\u0107 portale spo\u0142eczno\u015bciowe. Prosimy mie\u0107 jednak na wzgl\u0119dzie \u017ce Facebook i Instagram jako administratorzy danych swoich u\u017cytkownik\u00f3w maj\u0105 pe\u0142en dost\u0119p to wszystkich informacji na Pa\u0144stwa temat.<\/p><p>Je\u017celi chc\u0105 Pa\u0144stwo zachowa\u0107 poufno\u015b\u0107 danych jakie nam przekazujecie prosimy o skorzystanie z innych kana\u0142\u00f3w komunikacji ni\u017c portale spo\u0142eczno\u015bciowe. W trakcie komunikacji poprzez nasze adresy e-mail wskazane do kontaktu na stronie&nbsp;<a href=\"https:\/\/specialspace.pl\/kontakt\" target=\"_blank\" rel=\"noreferrer noopener\">www.specialspace.pl\/kontakt<\/a>&nbsp;mamy pe\u0142n\u0105 kontrol\u0119 nad poufno\u015bci\u0105 i dost\u0119pem do informacji w nich zawartych.<\/p><p><strong>Profilowanie i zautomatyzowane podejmowanie decyzji<\/strong><\/p><p>Administrator u\u017cywa plik\u00f3w cookie (ciasteczek) do \u015bledzenia ruchu na stronie&nbsp;<a href=\"https:\/\/specialspace.pl\/\" target=\"_blank\" rel=\"noreferrer noopener\">www.specialspace.pl.<\/a>&nbsp;Szczeg\u00f3\u0142owe informacje na temat ciasteczek i profilowania znajd\u0105 Pa\u0144stwo w sekcji Pliki cookie niniejszej Polityki prywatno\u015bci.<\/p><p><strong>Jak d\u0142ugo b\u0119dziemy przetwarza\u0107 Pa\u0144stwa dane osobowe<\/strong><\/p><p>Pa\u0144stwa dane osobowe przetwarzane w celu obs\u0142ugi zapytania ofertowego b\u0119d\u0105 przetwarzane przez okres trwania korespondencji po czym w zale\u017cno\u015bci od rezultat\u00f3w negocjacji albo zasil\u0105 nasz\u0105 baz\u0119 danych klient\u00f3w i b\u0119d\u0105 przetwarzane w zwi\u0105zku z realizacj\u0105 umowy b\u0105d\u017a zostan\u0105 usuni\u0119te je\u017celi wyst\u0105pi brak mo\u017cliwo\u015bci nawi\u0105zania wsp\u00f3\u0142pracy.<\/p><p>Pa\u0144stwa dane przetwarzane w zwi\u0105zku z zakupem towaru b\u0119d\u0105 przetwarzane przez 5 lat, licz\u0105c od ko\u0144ca roku kalendarzowego w kt\u00f3rym zosta\u0142a wystawiona faktura.<\/p><p>Dane przetwarzane w zwi\u0105zku z ustaleniem, dochodzeniem lub obron\u0105 ewentualnych roszcze\u0144 b\u0119d\u0105 przetwarzane przez najd\u0142u\u017cszy mo\u017cliwy okres przedawnienia roszcze\u0144 wynikaj\u0105cych z zawartej umowy.<\/p><p><strong>Odbiorcy danych<\/strong><\/p><p>Zapewniamy poprzez realizacj\u0119 procedury wyboru kontrahenta, \u017ce ka\u017cdy podmiot bior\u0105cy udzia\u0142 w przetwarzaniu Pa\u0144stwa danych osobowych posiada wdro\u017cone odpowiednie \u015brodki techniczne i organizacyjne adekwatne do ponoszonego ryzyka w zwi\u0105zku z powierzonymi czynno\u015bciami.<\/p><p>Odbiorcami danych osobowych os\u00f3b korzystaj\u0105cych ze strony<a href=\"https:\/\/specialspace.pl\/\" target=\"_blank\" rel=\"noreferrer noopener\">&nbsp;www.specialspace.pl<\/a>&nbsp;jest podmiot \u015bwiadcz\u0105cy us\u0142ugi hostingu dla Administratora.<\/p><p>W przypadku korzystania z naszych us\u0142ug i wystawienia faktury sprzeda\u017cowej przez Administratora odbiorc\u0105 danych jest podmiot \u015bwiadcz\u0105cy us\u0142ugi ksi\u0119gowe dla Administratora.<\/p><p>Zapewniamy, by ka\u017cda osoba dzia\u0142aj\u0105ca z naszego upowa\u017cnienia i maj\u0105ca dost\u0119p do Pa\u0144stwa danych osobowych zachowywa\u0142a je w poufno\u015bci i przetwarza\u0142a je wy\u0142\u0105cznie na nasze polecenie, chyba \u017ce inne wymagania wynikaj\u0105 z prawa Unii lub prawa pa\u0144stwa cz\u0142onkowskiego.<\/p><p><strong>Prawa os\u00f3b, kt\u00f3rych dane dotycz\u0105<\/strong><\/p><ul class=\"wp-block-list\"><li>Prawo do \u017c\u0105dania dost\u0119pu do swoich danych oraz otrzymania ich kopii;<\/li>\n\n<li>Prawo do sprostowania (poprawiania) swoich danych, je\u015bli s\u0105 b\u0142\u0119dne lub nieaktualne, a tak\u017ce prawo do ich usuni\u0119cia, w sytuacji, gdy przetwarzanie danych nie nast\u0119puje w celu wywi\u0105zania si\u0119 z obowi\u0105zku wynikaj\u0105cego z przepisu prawa.;<\/li>\n\n<li>Prawo do ograniczenia lub wniesienia sprzeciwu wobec przetwarzania;<\/li>\n\n<li>Prawo do przenoszenia danych;<\/li>\n\n<li>Prawo do wniesienia skargi do Prezesa UODO (na adres Urz\u0119du Ochrony Danych Osobowych, ul. Stawki 2, 00 &#8211; 193 Warszawa).<\/li><\/ul><p><br>Wi\u0119cej informacji na temat ochrony danych osobowych znajda Pa\u0144stwo na stronie Urz\u0119du Ochrony Danych Osobowych&nbsp;<a href=\"http:\/\/www.uodo.gov.pl\/\" target=\"_blank\" rel=\"noreferrer noopener\">www.uodo.gov.pl<\/a><\/p><p><strong>Jak dbamy o przetwarzane dane<\/strong><\/p><p>Aby sprosta\u0107 wymogom prawa opracowali\u015bmy i wdro\u017cyli\u015bmy szczeg\u00f3\u0142owe procedury obejmuj\u0105ce takie zagadnienia, jak m.in.:<\/p><ul class=\"wp-block-list\"><li>Analiza ryzyka dla praw i wolno\u015bci os\u00f3b, kt\u00f3rych dane przetwarzamy;<\/li>\n\n<li>Notyfikacja narusze\u0144;<\/li>\n\n<li>Retencja danych;<\/li>\n\n<li>Rejestr czynno\u015bci przetwarzania danych;<\/li>\n\n<li>Realizacja praw os\u00f3b, kt\u00f3rych dane dotycz\u0105;<\/li>\n\n<li>Wyb\u00f3r kontrahenta.<\/li><\/ul><p><br>Regularnie sprawdzamy i aktualizujemy nasz\u0105 dokumentacj\u0119, by m\u00f3c wykaza\u0107 spe\u0142nienie wymaga\u0144 prawa zgodnie ze sformu\u0142owan\u0105 w RODO zasad\u0105 rozliczalno\u015bci, ale te\u017c w trosce o interesy os\u00f3b, kt\u00f3rych dane dotycz\u0105 staramy si\u0119 inkorporowa\u0107 do niej zalecenia Urz\u0119du Ochrony Danych Osobowych i Europejskiej Rady Ochrony Danych ( EDPB).<\/p><p><strong>Pliki cookie<\/strong><\/p><p>Nasza strona korzysta z plik\u00f3w cookie, czyli ciasteczek. Pliki cookie s\u0105 zapisywane w pami\u0119ci Pa\u0144stwa urz\u0105dzenia. Dzi\u0119ki nim mog\u0105 Pa\u0144stwo korzysta\u0107 z wszystkich funkcjonalno\u015bci Strony. Ciasteczka nie powoduj\u0105 zmian w ustawieniach Pa\u0144stwa urz\u0105dze\u0144. Pliki cookie strony&nbsp;<a href=\"https:\/\/specialspace.pl\/\" target=\"_blank\" rel=\"noreferrer noopener\">www.specialspace.pl<\/a>&nbsp;nie przechowuj\u0105 poufnych danych takich jaki imi\u0119, nazwisko czy adres. W celu ograniczenia, zablokowania lub usuni\u0119cia plik\u00f3w cookie ze strony&nbsp;<a href=\"https:\/\/specialspace.pl\/\" target=\"_blank\" rel=\"noreferrer noopener\">www.specialspace.pl<\/a>&nbsp;nale\u017cy u\u017cy\u0107 ustawie\u0144 przegl\u0105darki internetowej. Ka\u017cda przegl\u0105darka jest inna, ale w menu \u201ePomoc\u201d przegl\u0105darki mo\u017cna zapozna\u0107 si\u0119 ze sposobami zmiany preferencji dotycz\u0105cych plik\u00f3w cookie. Podmiotem umieszczaj\u0105cym pliki cookie na urz\u0105dzeniu ko\u0144cowym U\u017cytkownika jest Administrator.<\/p><p><strong>Ciasteczka statystyczne,<\/strong>&nbsp;kt\u00f3re pozwalaj\u0105 w\u0142a\u015bcicielowi strony obserwowa\u0107 i zrozumie\u0107 jak osoby odwiedzaj\u0105ce korzystaj\u0105 ze strony, poprzez zbieranie i raportowanie anonimowych informacji.<\/p><p>Na stronie&nbsp;<a href=\"https:\/\/specialspace.pl\/\" target=\"_blank\" rel=\"noreferrer noopener\">www.specialspace.pl<\/a>&nbsp;stosujemy nast\u0119puj\u0105ce pliki cookie:<\/p><p><strong>CMSSESSID#<\/strong>&nbsp;jest to ciasteczko sesyjne co oznacza, \u017ce jest ono usuwane z urz\u0105dzenia u\u017cytkownika wraz z zako\u0144czeniem przegl\u0105dania strony. Ciasteczko to niezb\u0119dne jest do prawid\u0142owego funkcjonowania strony i umo\u017cliwia korzystanie z podstawowych jej funkcji, takich jak nawigowanie na stronie i dost\u0119p do obszar\u00f3w zabezpieczonych strony internetowej bez konieczno\u015bci logowania si\u0119 na poszczeg\u00f3lnych podstronach. Podmiotem umieszczaj\u0105cym pliki tej kategorii na urz\u0105dzeniu ko\u0144cowym u\u017cytkownika jest Administrator strony www.specialspace.pl<\/p><p><strong>_ga \u2013<\/strong>&nbsp;U\u017cywane przez aplikacj\u0119 Google Analytics w celu rejestrowania unikalnego identyfikatora, kt\u00f3ry s\u0142u\u017cy do generowania danych statystycznych dotycz\u0105cych sposobu korzystania z witryny przez u\u017cytkownika. To ciasteczko jest utrzymywane na urz\u0105dzeniu ko\u0144cowym u\u017cytkownika przez 2 lata.<\/p><p><strong>_gat \u2013<\/strong>&nbsp;U\u017cywany przez aplikacj\u0119 Google Analytics do ograniczenia wska\u017anika \u017c\u0105da\u0144. To ciasteczko utrzymywane jest przez 1 dzie\u0144 na urz\u0105dzeniu ko\u0144cowym u\u017cytkownika.<\/p><p><strong>_gid \u2013<\/strong>&nbsp;U\u017cywany przez aplikacj\u0119 Google Analytics do rejestrowania unikalnego identyfikatora, kt\u00f3ry s\u0142u\u017cy do generowania danych statystycznych dotycz\u0105cych sposobu korzystania z witryny przez u\u017cytkownika. To ciasteczko jest utrzymywane przez 1 dzie\u0144 na urz\u0105dzeniu ko\u0144cowym u\u017cytkownika.<\/p><p><strong>ads\/ga-audiences \u2013<\/strong>&nbsp;U\u017cywany przez Google AdWords do ponownego anga\u017cowania u\u017cytkownik\u00f3w, kt\u00f3rzy mog\u0105 przekona\u0107 si\u0119 do klient\u00f3w na podstawie zachowa\u0144 u\u017cytkownik\u00f3w w Internecie w r\u00f3\u017cnych witrynach.<\/p><p><strong>common\/cavalry_endpoint.php<\/strong>&nbsp;\u2013 Gromadzi dane o zachowaniu odwiedzaj\u0105cych z wielu stron internetowych, aby prezentowa\u0107 trafniejsze reklamy &#8211; pozwala to r\u00f3wnie\u017c stronie ograniczy\u0107 liczb\u0119 wy\u015bwietle\u0144 tej samej reklamy.<\/p><p>Administrator strony&nbsp;<a href=\"https:\/\/specialspace.pl\/\" target=\"_blank\" rel=\"noreferrer noopener\">www.specialspace.pl<\/a>&nbsp;nie profiluje danych osobowych u\u017cytkownik\u00f3w strony i nie poddaje ich procesom zautomatyzowanego podejmowania decyzji. Jednak mo\u017ce to robi\u0107 Google.<\/p><p>Administrator strony korzysta z narz\u0119dzia Google Analytics zapewnianego przez Google LLC, 1600 Amphitheatre Parkway, Mountain View, CA 94043, USA. Podstaw\u0105 prawn\u0105 takiego dzia\u0142ania jest prawnie uzasadniony interes administratora polegaj\u0105cy na tworzeniu i analizie statystyk w celu optymalizacji funkcjonowania strony.<\/p><p>Google Analytics gromadzi informacje o korzystaniu ze strony w spos\u00f3b automatyczny.<\/p><p>Administrator aktywowa\u0142 funkcj\u0119 cz\u0119\u015bciowej anonimizacji adresu IP, tj. adres IP u\u017cytkownika strony jest skracany przed przekazaniem dalej. Zanonimizowany adres IP przekazany przez przegl\u0105dark\u0119 u\u017cytkownika w ramach Google Analytics co do zasady nie jest \u0142\u0105czony z innymi danymi Google.<\/p><p>Z uwagi na to, \u017ce Google LLC posiada siedzib\u0105 w USA i wykorzystuje infrastruktur\u0119 techniczn\u0105 znajduj\u0105c\u0105 si\u0119 w USA, przyst\u0105pi\u0142 on do programu EU-US-Privacy Shield w celu zapewnienia odpowiedniego poziomu ochrony danych osobowych wymaganego przez przepisu europejskie. W ramach umowy pomi\u0119dzy USA a Komisj\u0105 Europejsk\u0105 ta ostatnia stwierdzi\u0142a odpowiedni poziom ochrony danych w przypadku przedsi\u0119biorstw posiadaj\u0105cych certyfikat Privacy Shield.<\/p><p>U\u017cytkownik mo\u017ce zapobiec rejestrowaniu zgromadzonych przez pliki cookies danych dotycz\u0105cych korzystania ze strony&nbsp;<a href=\"https:\/\/specialspace.pl\/\" target=\"_blank\" rel=\"noreferrer noopener\">www.specialspace.pl<\/a>&nbsp;przez Google, jak r\u00f3wnie\u017c przetwarzaniu tych danych przez Google, instaluj\u0105c wtyczk\u0119 do przegl\u0105darki znajduj\u0105c\u0105 si\u0119 pod nast\u0119puj\u0105cym adresem:&nbsp;<a href=\"https:\/\/tools.google.com\/dlpage\/gaoptout\" target=\"_blank\" rel=\"noreferrer noopener\">https:\/\/tools.google.com\/dlpage\/gaoptout<\/a>.<\/p><p>Szczeg\u00f3\u0142y na temat przetwarzania danych w ramach Google Analytics, mo\u017cna znale\u017a\u0107 pod adresem:&nbsp;<a href=\"https:\/\/support.google.com\/analytics\/answer\/6004245\" target=\"_blank\" rel=\"noreferrer noopener\">https:\/\/support.google.com\/analytics\/answer\/6004245<\/a>.<\/p>","protected":false},"excerpt":{"rendered":"<p>S\u0142owo wst\u0119pu Szanuj\u0105c prawo do prywatno\u015bci i ochrony danych osobowych naszych klient\u00f3w i kontrahent\u00f3w, kt\u00f3rzy powierzaj\u0105 nam swoje dane osobowe . . .<\/p>","protected":false},"author":1,"featured_media":0,"parent":0,"menu_order":0,"comment_status":"closed","ping_status":"open","template":"","meta":{"_acf_changed":false,"inline_featured_image":false,"footnotes":""},"class_list":["post-3","page","type-page","status-publish","hentry"],"acf":[],"yoast_head":"<!-- This site is optimized with the Yoast SEO plugin v23.6 - https:\/\/yoast.com\/wordpress\/plugins\/seo\/ -->\n<title>Polityka prywatno\u015bci &#8226; Special Gifs<\/title>\n<meta name=\"robots\" content=\"index, follow, max-snippet:-1, max-image-preview:large, max-video-preview:-1\" \/>\n<link rel=\"canonical\" href=\"https:\/\/specialgifs.com\/en\/polityka-prywatnosci\/\" \/>\n<meta property=\"og:locale\" content=\"en_GB\" \/>\n<meta property=\"og:type\" content=\"article\" \/>\n<meta property=\"og:title\" content=\"Polityka prywatno\u015bci &#8226; Special Gifs\" \/>\n<meta property=\"og:description\" content=\"S\u0142owo wst\u0119pu Szanuj\u0105c prawo do prywatno\u015bci i ochrony danych osobowych naszych klient\u00f3w i kontrahent\u00f3w, kt\u00f3rzy powierzaj\u0105 nam swoje dane osobowe . . .\" \/>\n<meta property=\"og:url\" content=\"https:\/\/specialgifs.com\/en\/polityka-prywatnosci\/\" \/>\n<meta property=\"og:site_name\" content=\"Special Gifs\" \/>\n<meta property=\"article:modified_time\" content=\"2023-01-12T19:59:57+00:00\" \/>\n<meta name=\"twitter:card\" content=\"summary_large_image\" \/>\n<meta name=\"twitter:label1\" content=\"Estimated reading time\" \/>\n\t<meta name=\"twitter:data1\" content=\"11 minutes\" \/>\n<script type=\"application\/ld+json\" class=\"yoast-schema-graph\">{\"@context\":\"https:\/\/schema.org\",\"@graph\":[{\"@type\":\"WebPage\",\"@id\":\"https:\/\/specialgifs.com\/polityka-prywatnosci\/\",\"url\":\"https:\/\/specialgifs.com\/polityka-prywatnosci\/\",\"name\":\"Polityka prywatno\u015bci &#8226; Special Gifs\",\"isPartOf\":{\"@id\":\"https:\/\/specialgifs.com\/#website\"},\"datePublished\":\"2023-01-03T11:28:35+00:00\",\"dateModified\":\"2023-01-12T19:59:57+00:00\",\"breadcrumb\":{\"@id\":\"https:\/\/specialgifs.com\/polityka-prywatnosci\/#breadcrumb\"},\"inLanguage\":\"en-GB\",\"potentialAction\":[{\"@type\":\"ReadAction\",\"target\":[\"https:\/\/specialgifs.com\/polityka-prywatnosci\/\"]}]},{\"@type\":\"BreadcrumbList\",\"@id\":\"https:\/\/specialgifs.com\/polityka-prywatnosci\/#breadcrumb\",\"itemListElement\":[{\"@type\":\"ListItem\",\"position\":1,\"name\":\"START\",\"item\":\"https:\/\/specialgifs.com\/\"},{\"@type\":\"ListItem\",\"position\":2,\"name\":\"Polityka prywatno\u015bci\"}]},{\"@type\":\"WebSite\",\"@id\":\"https:\/\/specialgifs.com\/#website\",\"url\":\"https:\/\/specialgifs.com\/\",\"name\":\"Special Gifs\",\"description\":\"\",\"publisher\":{\"@id\":\"https:\/\/specialgifs.com\/#organization\"},\"potentialAction\":[{\"@type\":\"SearchAction\",\"target\":{\"@type\":\"EntryPoint\",\"urlTemplate\":\"https:\/\/specialgifs.com\/?s={search_term_string}\"},\"query-input\":{\"@type\":\"PropertyValueSpecification\",\"valueRequired\":true,\"valueName\":\"search_term_string\"}}],\"inLanguage\":\"en-GB\"},{\"@type\":\"Organization\",\"@id\":\"https:\/\/specialgifs.com\/#organization\",\"name\":\"Special Gifs\",\"url\":\"https:\/\/specialgifs.com\/\",\"logo\":{\"@type\":\"ImageObject\",\"inLanguage\":\"en-GB\",\"@id\":\"https:\/\/specialgifs.com\/#\/schema\/logo\/image\/\",\"url\":\"https:\/\/specialgifs.com\/wp-content\/uploads\/2023\/10\/czarny-special-gifs-logo.svg\",\"contentUrl\":\"https:\/\/specialgifs.com\/wp-content\/uploads\/2023\/10\/czarny-special-gifs-logo.svg\",\"width\":140,\"height\":25,\"caption\":\"Special Gifs\"},\"image\":{\"@id\":\"https:\/\/specialgifs.com\/#\/schema\/logo\/image\/\"}}]}<\/script>\n<!-- \/ Yoast SEO plugin. -->","yoast_head_json":{"title":"Polityka prywatno\u015bci &#8226; Special Gifs","robots":{"index":"index","follow":"follow","max-snippet":"max-snippet:-1","max-image-preview":"max-image-preview:large","max-video-preview":"max-video-preview:-1"},"canonical":"https:\/\/specialgifs.com\/en\/polityka-prywatnosci\/","og_locale":"en_GB","og_type":"article","og_title":"Polityka prywatno\u015bci &#8226; Special Gifs","og_description":"S\u0142owo wst\u0119pu Szanuj\u0105c prawo do prywatno\u015bci i ochrony danych osobowych naszych klient\u00f3w i kontrahent\u00f3w, kt\u00f3rzy powierzaj\u0105 nam swoje dane osobowe . . .","og_url":"https:\/\/specialgifs.com\/en\/polityka-prywatnosci\/","og_site_name":"Special Gifs","article_modified_time":"2023-01-12T19:59:57+00:00","twitter_card":"summary_large_image","twitter_misc":{"Estimated reading time":"11 minutes"},"schema":{"@context":"https:\/\/schema.org","@graph":[{"@type":"WebPage","@id":"https:\/\/specialgifs.com\/polityka-prywatnosci\/","url":"https:\/\/specialgifs.com\/polityka-prywatnosci\/","name":"Polityka prywatno\u015bci &#8226; Special Gifs","isPartOf":{"@id":"https:\/\/specialgifs.com\/#website"},"datePublished":"2023-01-03T11:28:35+00:00","dateModified":"2023-01-12T19:59:57+00:00","breadcrumb":{"@id":"https:\/\/specialgifs.com\/polityka-prywatnosci\/#breadcrumb"},"inLanguage":"en-GB","potentialAction":[{"@type":"ReadAction","target":["https:\/\/specialgifs.com\/polityka-prywatnosci\/"]}]},{"@type":"BreadcrumbList","@id":"https:\/\/specialgifs.com\/polityka-prywatnosci\/#breadcrumb","itemListElement":[{"@type":"ListItem","position":1,"name":"START","item":"https:\/\/specialgifs.com\/"},{"@type":"ListItem","position":2,"name":"Polityka prywatno\u015bci"}]},{"@type":"WebSite","@id":"https:\/\/specialgifs.com\/#website","url":"https:\/\/specialgifs.com\/","name":"Special Gifs","description":"","publisher":{"@id":"https:\/\/specialgifs.com\/#organization"},"potentialAction":[{"@type":"SearchAction","target":{"@type":"EntryPoint","urlTemplate":"https:\/\/specialgifs.com\/?s={search_term_string}"},"query-input":{"@type":"PropertyValueSpecification","valueRequired":true,"valueName":"search_term_string"}}],"inLanguage":"en-GB"},{"@type":"Organization","@id":"https:\/\/specialgifs.com\/#organization","name":"Special Gifs","url":"https:\/\/specialgifs.com\/","logo":{"@type":"ImageObject","inLanguage":"en-GB","@id":"https:\/\/specialgifs.com\/#\/schema\/logo\/image\/","url":"https:\/\/specialgifs.com\/wp-content\/uploads\/2023\/10\/czarny-special-gifs-logo.svg","contentUrl":"https:\/\/specialgifs.com\/wp-content\/uploads\/2023\/10\/czarny-special-gifs-logo.svg","width":140,"height":25,"caption":"Special Gifs"},"image":{"@id":"https:\/\/specialgifs.com\/#\/schema\/logo\/image\/"}}]}},"_links":{"self":[{"href":"https:\/\/specialgifs.com\/en\/wp-json\/wp\/v2\/pages\/3","targetHints":{"allow":["GET"]}}],"collection":[{"href":"https:\/\/specialgifs.com\/en\/wp-json\/wp\/v2\/pages"}],"about":[{"href":"https:\/\/specialgifs.com\/en\/wp-json\/wp\/v2\/types\/page"}],"author":[{"embeddable":true,"href":"https:\/\/specialgifs.com\/en\/wp-json\/wp\/v2\/users\/1"}],"replies":[{"embeddable":true,"href":"https:\/\/specialgifs.com\/en\/wp-json\/wp\/v2\/comments?post=3"}],"version-history":[{"count":0,"href":"https:\/\/specialgifs.com\/en\/wp-json\/wp\/v2\/pages\/3\/revisions"}],"wp:attachment":[{"href":"https:\/\/specialgifs.com\/en\/wp-json\/wp\/v2\/media?parent=3"}],"curies":[{"name":"wp","href":"https:\/\/api.w.org\/{rel}","templated":true}]}}