{"id":6,"date":"2023-01-12T21:07:08","date_gmt":"2023-01-03T11:37:43","guid":{"rendered":"https:\/\/specialgifs.com\/?page_id=6"},"modified":"2025-01-12T11:30:20","modified_gmt":"2025-01-12T10:30:20","slug":"home","status":"publish","type":"page","link":"https:\/\/specialgifs.com\/en\/","title":{"rendered":"Start"},"content":{"rendered":"","protected":false},"excerpt":{"rendered":"","protected":false},"author":1,"featured_media":0,"parent":0,"menu_order":0,"comment_status":"closed","ping_status":"closed","template":"","meta":{"_acf_changed":false,"inline_featured_image":false,"footnotes":""},"class_list":["post-6","page","type-page","status-publish","hentry"],"acf":[],"yoast_head":"<!-- This site is optimized with the Yoast SEO plugin v23.6 - https:\/\/yoast.com\/wordpress\/plugins\/seo\/ -->\n<title>Spersonalizowane Gify w Social Media &#8226; Special Gifs<\/title>\n<meta name=\"description\" content=\"Wykorzystaj gify w swoich social mediach i zbuduj \u015bwiadomo\u015b\u0107 marki. Poka\u017c si\u0119 od zupe\u0142nie nowej strony \u2014 tym razem animowanej!\" \/>\n<meta name=\"robots\" content=\"index, follow, max-snippet:-1, max-image-preview:large, max-video-preview:-1\" \/>\n<link rel=\"canonical\" href=\"https:\/\/specialgifs.com\/en\/\" \/>\n<meta property=\"og:locale\" content=\"en_GB\" \/>\n<meta property=\"og:type\" content=\"article\" \/>\n<meta property=\"og:title\" content=\"Spersonalizowane Gify w Social Media &#8226; Special Gifs\" \/>\n<meta property=\"og:description\" content=\"Wykorzystaj gify w swoich social mediach i zbuduj \u015bwiadomo\u015b\u0107 marki. Poka\u017c si\u0119 od zupe\u0142nie nowej strony \u2014 tym razem animowanej!\" \/>\n<meta property=\"og:url\" content=\"https:\/\/specialgifs.com\/en\/\" \/>\n<meta property=\"og:site_name\" content=\"Special Gifs\" \/>\n<meta property=\"article:modified_time\" content=\"2025-01-12T10:30:20+00:00\" \/>\n<meta name=\"twitter:card\" content=\"summary_large_image\" \/>\n<script type=\"application\/ld+json\" class=\"yoast-schema-graph\">{\"@context\":\"https:\/\/schema.org\",\"@graph\":[{\"@type\":\"WebPage\",\"@id\":\"https:\/\/specialgifs.com\/\",\"url\":\"https:\/\/specialgifs.com\/\",\"name\":\"Spersonalizowane Gify w Social Media &#8226; Special Gifs\",\"isPartOf\":{\"@id\":\"https:\/\/specialgifs.com\/#website\"},\"datePublished\":\"2023-01-03T11:37:43+00:00\",\"dateModified\":\"2025-01-12T10:30:20+00:00\",\"description\":\"Wykorzystaj gify w swoich social mediach i zbuduj \u015bwiadomo\u015b\u0107 marki. Poka\u017c si\u0119 od zupe\u0142nie nowej strony \u2014 tym razem animowanej!\",\"breadcrumb\":{\"@id\":\"https:\/\/specialgifs.com\/#breadcrumb\"},\"inLanguage\":\"en-GB\",\"potentialAction\":[{\"@type\":\"ReadAction\",\"target\":[\"https:\/\/specialgifs.com\/\"]}]},{\"@type\":\"BreadcrumbList\",\"@id\":\"https:\/\/specialgifs.com\/#breadcrumb\",\"itemListElement\":[{\"@type\":\"ListItem\",\"position\":1,\"name\":\"START\",\"item\":\"https:\/\/specialgifs.com\/\"},{\"@type\":\"ListItem\",\"position\":2,\"name\":\"Start\"}]},{\"@type\":\"WebSite\",\"@id\":\"https:\/\/specialgifs.com\/#website\",\"url\":\"https:\/\/specialgifs.com\/\",\"name\":\"Special Gifs\",\"description\":\"\",\"publisher\":{\"@id\":\"https:\/\/specialgifs.com\/#organization\"},\"potentialAction\":[{\"@type\":\"SearchAction\",\"target\":{\"@type\":\"EntryPoint\",\"urlTemplate\":\"https:\/\/specialgifs.com\/?s={search_term_string}\"},\"query-input\":{\"@type\":\"PropertyValueSpecification\",\"valueRequired\":true,\"valueName\":\"search_term_string\"}}],\"inLanguage\":\"en-GB\"},{\"@type\":\"Organization\",\"@id\":\"https:\/\/specialgifs.com\/#organization\",\"name\":\"Special Gifs\",\"url\":\"https:\/\/specialgifs.com\/\",\"logo\":{\"@type\":\"ImageObject\",\"inLanguage\":\"en-GB\",\"@id\":\"https:\/\/specialgifs.com\/#\/schema\/logo\/image\/\",\"url\":\"https:\/\/specialgifs.com\/wp-content\/uploads\/2023\/10\/czarny-special-gifs-logo.svg\",\"contentUrl\":\"https:\/\/specialgifs.com\/wp-content\/uploads\/2023\/10\/czarny-special-gifs-logo.svg\",\"width\":140,\"height\":25,\"caption\":\"Special Gifs\"},\"image\":{\"@id\":\"https:\/\/specialgifs.com\/#\/schema\/logo\/image\/\"}}]}<\/script>\n<!-- \/ Yoast SEO plugin. -->","yoast_head_json":{"title":"Spersonalizowane Gify w Social Media &#8226; Special Gifs","description":"Wykorzystaj gify w swoich social mediach i zbuduj \u015bwiadomo\u015b\u0107 marki. Poka\u017c si\u0119 od zupe\u0142nie nowej strony \u2014 tym razem animowanej!","robots":{"index":"index","follow":"follow","max-snippet":"max-snippet:-1","max-image-preview":"max-image-preview:large","max-video-preview":"max-video-preview:-1"},"canonical":"https:\/\/specialgifs.com\/en\/","og_locale":"en_GB","og_type":"article","og_title":"Spersonalizowane Gify w Social Media &#8226; Special Gifs","og_description":"Wykorzystaj gify w swoich social mediach i zbuduj \u015bwiadomo\u015b\u0107 marki. Poka\u017c si\u0119 od zupe\u0142nie nowej strony \u2014 tym razem animowanej!","og_url":"https:\/\/specialgifs.com\/en\/","og_site_name":"Special Gifs","article_modified_time":"2025-01-12T10:30:20+00:00","twitter_card":"summary_large_image","schema":{"@context":"https:\/\/schema.org","@graph":[{"@type":"WebPage","@id":"https:\/\/specialgifs.com\/","url":"https:\/\/specialgifs.com\/","name":"Spersonalizowane Gify w Social Media &#8226; Special Gifs","isPartOf":{"@id":"https:\/\/specialgifs.com\/#website"},"datePublished":"2023-01-03T11:37:43+00:00","dateModified":"2025-01-12T10:30:20+00:00","description":"Wykorzystaj gify w swoich social mediach i zbuduj \u015bwiadomo\u015b\u0107 marki. Poka\u017c si\u0119 od zupe\u0142nie nowej strony \u2014 tym razem animowanej!","breadcrumb":{"@id":"https:\/\/specialgifs.com\/#breadcrumb"},"inLanguage":"en-GB","potentialAction":[{"@type":"ReadAction","target":["https:\/\/specialgifs.com\/"]}]},{"@type":"BreadcrumbList","@id":"https:\/\/specialgifs.com\/#breadcrumb","itemListElement":[{"@type":"ListItem","position":1,"name":"START","item":"https:\/\/specialgifs.com\/"},{"@type":"ListItem","position":2,"name":"Start"}]},{"@type":"WebSite","@id":"https:\/\/specialgifs.com\/#website","url":"https:\/\/specialgifs.com\/","name":"Special Gifs","description":"","publisher":{"@id":"https:\/\/specialgifs.com\/#organization"},"potentialAction":[{"@type":"SearchAction","target":{"@type":"EntryPoint","urlTemplate":"https:\/\/specialgifs.com\/?s={search_term_string}"},"query-input":{"@type":"PropertyValueSpecification","valueRequired":true,"valueName":"search_term_string"}}],"inLanguage":"en-GB"},{"@type":"Organization","@id":"https:\/\/specialgifs.com\/#organization","name":"Special Gifs","url":"https:\/\/specialgifs.com\/","logo":{"@type":"ImageObject","inLanguage":"en-GB","@id":"https:\/\/specialgifs.com\/#\/schema\/logo\/image\/","url":"https:\/\/specialgifs.com\/wp-content\/uploads\/2023\/10\/czarny-special-gifs-logo.svg","contentUrl":"https:\/\/specialgifs.com\/wp-content\/uploads\/2023\/10\/czarny-special-gifs-logo.svg","width":140,"height":25,"caption":"Special Gifs"},"image":{"@id":"https:\/\/specialgifs.com\/#\/schema\/logo\/image\/"}}]}},"_links":{"self":[{"href":"https:\/\/specialgifs.com\/en\/wp-json\/wp\/v2\/pages\/6","targetHints":{"allow":["GET"]}}],"collection":[{"href":"https:\/\/specialgifs.com\/en\/wp-json\/wp\/v2\/pages"}],"about":[{"href":"https:\/\/specialgifs.com\/en\/wp-json\/wp\/v2\/types\/page"}],"author":[{"embeddable":true,"href":"https:\/\/specialgifs.com\/en\/wp-json\/wp\/v2\/users\/1"}],"replies":[{"embeddable":true,"href":"https:\/\/specialgifs.com\/en\/wp-json\/wp\/v2\/comments?post=6"}],"version-history":[{"count":32,"href":"https:\/\/specialgifs.com\/en\/wp-json\/wp\/v2\/pages\/6\/revisions"}],"predecessor-version":[{"id":582,"href":"https:\/\/specialgifs.com\/en\/wp-json\/wp\/v2\/pages\/6\/revisions\/582"}],"wp:attachment":[{"href":"https:\/\/specialgifs.com\/en\/wp-json\/wp\/v2\/media?parent=6"}],"curies":[{"name":"wp","href":"https:\/\/api.w.org\/{rel}","templated":true}]}}